{"id":3,"date":"2020-06-03T16:02:06","date_gmt":"2020-06-03T16:02:06","guid":{"rendered":"https:\/\/nayaraaltoatacama.com\/?page_id=3"},"modified":"2020-09-11T16:22:51","modified_gmt":"2020-09-11T16:22:51","slug":"covid-19","status":"publish","type":"page","link":"https:\/\/nayaraaltoatacama.com\/es\/covid-19\/","title":{"rendered":"Nayara Resorts COVID-19"},"content":{"rendered":"<p>We are closely monitoring changes in government policy, guidelines from the Centers for Disease Control (CDC), government mandates, advances in public health and we will continue to make changes as necessary or appropriate to our protocols and procedures<\/p>\n<h2><strong>Our measures include:<\/strong><\/h2>\n<ul>\n<li>Rigorous cleaning and sanitization of guest rooms.<\/li>\n<li>Cleaning staff will wear gloves while cleaning, and use alcohol-based hand sanitizer before and after wearing gloves. Cleaning staff will wear a face mask while cleaning the room. Before entering the room, cleaning staff may inquire if you and others in your room are well, and ask you to put on a face mask. We appreciate your cooperation on this matter.<\/li>\n<li>Frequent sanitization of high-contact points, such as door handles, reception counters, bathrooms, gym and gym equipment and common rooms. The hotel uses hospital-grade disinfectants approved by the EPA.<\/li>\n<li>Hand sanitizers placed at guest contact areas, such as hotel lobbies restaurants, spa, yoga pavilion and gym.<\/li>\n<li>Infrared thermometers available at front desk to conduct temperature checks of our guests and employees upon request.<\/li>\n<li>Ozone machines to conduct deep cleaning on all vehicles that access the property.<\/li>\n<li>Provision of face masks and gloves for our guests and employees upon request, subject to availability.<\/li>\n<li>Regular training of our employees ensuring proper hygiene and awareness of COVID-19. This is vital to help combat the spread of viruses and the health of our employees and guests.<\/li>\n<\/ul>\n<p>&nbsp;<\/p>\n<h2><strong>How can you (guest) help prevent the spread of coronavirus?<\/strong><\/h2>\n<ul>\n<li>Practising good hand and sneeze\/cough hygiene is the best defence against most viruses. You should:<\/li>\n<li>wash your hands frequently with soap and water, before and after eating, and after going to the restroom<\/li>\n<li>cover your cough and sneeze, dispose of tissues, and use alcohol-based hand sanitizer<\/li>\n<li>and if unwell, avoid contact with others (always stay more than 6 feet away from people).<\/li>\n<\/ul>\n<p>These measures are regularly reviewed and updated. This is the version dated May 18th, 2020.<\/p>\n<p>&nbsp;<\/p>\n<h1 style=\"text-align: left;\">Nayara Resorts COVID-19<\/h1>\n<p>Estamos monitoreando de cerca los cambios en la pol\u00edtica gubernamental, las pautas de los Centros para el Control de Enfermedades (CDC), los mandatos gubernamentales, los avances en salud p\u00fablica y continuaremos haciendo los cambios necesarios o apropiados para nuestros protocolos y procedimientos.<\/p>\n<h2><strong>Nuestras medidas incluyen:<\/strong><\/h2>\n<ul>\n<li>Limpieza rigurosa y desinfecci\u00f3n de las habitaciones.<\/li>\n<li>El personal de limpieza usar\u00e1 guantes durante la limpieza y usar\u00e1 desinfectante para manos a base de alcohol antes y despu\u00e9s de usar guantes. El personal de limpieza usar\u00e1 una m\u00e1scara facial mientras limpia la habitaci\u00f3n. Antes de entrar a la habitaci\u00f3n, el personal de limpieza puede preguntarle si usted y otras personas en su habitaci\u00f3n est\u00e1n bien, y pedirle que se ponga una m\u00e1scara facial. Agradecemos su cooperaci\u00f3n en este asunto.<\/li>\n<li>Desinfecci\u00f3n frecuente de puntos de alto contacto, como manijas de puertas, mostradores de recepci\u00f3n, ba\u00f1os, equipos de gimnasio y gimnasio y salas comunes. El hotel utiliza desinfectantes de grado hospitalario aprobados por la EPA.<\/li>\n<li>Desinfectantes para manos colocados en las \u00e1reas de contacto con los hu\u00e9spedes, como restaurantes, vest\u00edbulos de hoteles, spa, pabell\u00f3n de yoga y gimnasio.<\/li>\n<li>Term\u00f3metros infrarrojos disponibles en la recepci\u00f3n para realizar controles de temperatura de nuestros hu\u00e9spedes y empleados a pedido.<\/li>\n<li>M\u00e1quinas de ozono para realizar una limpieza profunda en todos los veh\u00edculos que acceden a la propiedad.<\/li>\n<li>Suministro de m\u00e1scaras faciales y guantes para nuestros hu\u00e9spedes y empleados a pedido, sujeto a disponibilidad.<\/li>\n<li>Capacitaci\u00f3n regular de nuestros empleados asegurando la higiene adecuada y el conocimiento de COVID-19. Esto es vital para ayudar a combatir la propagaci\u00f3n de virus y la salud de nuestros empleados e invitados.<\/li>\n<\/ul>\n<p>&nbsp;<\/p>\n<h2><strong>\u00bfC\u00f3mo puede usted (invitado) ayudar a prevenir la propagaci\u00f3n del coronavirus?<\/strong><\/h2>\n<ul>\n<li>Practicar una buena higiene de manos y estornudos \/ tos es la mejor defensa contra la mayor\u00eda de los virus. Debieras:<\/li>\n<li>l\u00e1vese las manos frecuentemente con agua y jab\u00f3n, antes y despu\u00e9s de comer, y despu\u00e9s de ir al ba\u00f1o<\/li>\n<li>cubra su tos y estornudos, deseche los pa\u00f1uelos desechables y use desinfectante para manos a base de alcohol<\/li>\n<li>y si no est\u00e1 bien, evite el contacto con otras personas (siempre mant\u00e9ngase a m\u00e1s de 6 pies de distancia de las personas).<\/li>\n<\/ul>\n<p>Estas medidas se revisan y actualizan peri\u00f3dicamente. Esta es la versi\u00f3n del 18 de mayo de 2020<\/p>\n","protected":false},"excerpt":{"rendered":"<p>We are closely monitoring changes in government policy, guidelines from the Centers for Disease Control (CDC), government mandates, advances in public health and we will continue to make changes as necessary or appropriate to our protocols and procedures Our measures include: Rigorous cleaning and sanitization of guest rooms. Cleaning staff will wear gloves while cleaning, [&hellip;]<\/p>\n","protected":false},"author":1,"featured_media":0,"parent":0,"menu_order":0,"comment_status":"closed","ping_status":"closed","template":"templates\/terminos.php","meta":[],"yoast_head":"<!-- This site is optimized with the Yoast SEO plugin v20.5 - https:\/\/yoast.com\/wordpress\/plugins\/seo\/ -->\n<title>Nayara Resorts COVID-19 - Nayara Atacama<\/title>\n<meta name=\"robots\" content=\"index, follow, max-snippet:-1, max-image-preview:large, max-video-preview:-1\" \/>\n<link rel=\"canonical\" href=\"https:\/\/nayaraaltoatacama.com\/es\/covid-19\/\" \/>\n<meta property=\"og:locale\" content=\"es_ES\" \/>\n<meta property=\"og:type\" content=\"article\" \/>\n<meta property=\"og:title\" content=\"Nayara Resorts COVID-19 - Nayara Atacama\" \/>\n<meta property=\"og:description\" content=\"We are closely monitoring changes in government policy, guidelines from the Centers for Disease Control (CDC), government mandates, advances in public health and we will continue to make changes as necessary or appropriate to our protocols and procedures Our measures include: Rigorous cleaning and sanitization of guest rooms. Cleaning staff will wear gloves while cleaning, [&hellip;]\" \/>\n<meta property=\"og:url\" content=\"https:\/\/nayaraaltoatacama.com\/es\/covid-19\/\" \/>\n<meta property=\"og:site_name\" content=\"Nayara Atacama\" \/>\n<meta property=\"article:modified_time\" content=\"2020-09-11T16:22:51+00:00\" \/>\n<meta name=\"twitter:card\" content=\"summary_large_image\" \/>\n<meta name=\"twitter:label1\" content=\"Tiempo de lectura\" \/>\n\t<meta name=\"twitter:data1\" content=\"4 minutos\" \/>\n<script type=\"application\/ld+json\" class=\"yoast-schema-graph\">{\"@context\":\"https:\/\/schema.org\",\"@graph\":[{\"@type\":\"WebPage\",\"@id\":\"https:\/\/nayaraaltoatacama.com\/es\/covid-19\/\",\"url\":\"https:\/\/nayaraaltoatacama.com\/es\/covid-19\/\",\"name\":\"Nayara Resorts COVID-19 - Nayara Atacama\",\"isPartOf\":{\"@id\":\"https:\/\/nayaraaltoatacama.com\/es\/#website\"},\"datePublished\":\"2020-06-03T16:02:06+00:00\",\"dateModified\":\"2020-09-11T16:22:51+00:00\",\"breadcrumb\":{\"@id\":\"https:\/\/nayaraaltoatacama.com\/es\/covid-19\/#breadcrumb\"},\"inLanguage\":\"es\",\"potentialAction\":[{\"@type\":\"ReadAction\",\"target\":[\"https:\/\/nayaraaltoatacama.com\/es\/covid-19\/\"]}]},{\"@type\":\"BreadcrumbList\",\"@id\":\"https:\/\/nayaraaltoatacama.com\/es\/covid-19\/#breadcrumb\",\"itemListElement\":[{\"@type\":\"ListItem\",\"position\":1,\"name\":\"Home\",\"item\":\"https:\/\/nayaraaltoatacama.com\/es\/\"},{\"@type\":\"ListItem\",\"position\":2,\"name\":\"Nayara Resorts COVID-19\"}]},{\"@type\":\"WebSite\",\"@id\":\"https:\/\/nayaraaltoatacama.com\/es\/#website\",\"url\":\"https:\/\/nayaraaltoatacama.com\/es\/\",\"name\":\"Nayara Atacama\",\"description\":\"\",\"potentialAction\":[{\"@type\":\"SearchAction\",\"target\":{\"@type\":\"EntryPoint\",\"urlTemplate\":\"https:\/\/nayaraaltoatacama.com\/es\/?s={search_term_string}\"},\"query-input\":\"required name=search_term_string\"}],\"inLanguage\":\"es\"}]}<\/script>\n<!-- \/ Yoast SEO plugin. -->","yoast_head_json":{"title":"Nayara Resorts COVID-19 - Nayara Atacama","robots":{"index":"index","follow":"follow","max-snippet":"max-snippet:-1","max-image-preview":"max-image-preview:large","max-video-preview":"max-video-preview:-1"},"canonical":"https:\/\/nayaraaltoatacama.com\/es\/covid-19\/","og_locale":"es_ES","og_type":"article","og_title":"Nayara Resorts COVID-19 - Nayara Atacama","og_description":"We are closely monitoring changes in government policy, guidelines from the Centers for Disease Control (CDC), government mandates, advances in public health and we will continue to make changes as necessary or appropriate to our protocols and procedures Our measures include: Rigorous cleaning and sanitization of guest rooms. Cleaning staff will wear gloves while cleaning, [&hellip;]","og_url":"https:\/\/nayaraaltoatacama.com\/es\/covid-19\/","og_site_name":"Nayara Atacama","article_modified_time":"2020-09-11T16:22:51+00:00","twitter_card":"summary_large_image","twitter_misc":{"Tiempo de lectura":"4 minutos"},"schema":{"@context":"https:\/\/schema.org","@graph":[{"@type":"WebPage","@id":"https:\/\/nayaraaltoatacama.com\/es\/covid-19\/","url":"https:\/\/nayaraaltoatacama.com\/es\/covid-19\/","name":"Nayara Resorts COVID-19 - Nayara Atacama","isPartOf":{"@id":"https:\/\/nayaraaltoatacama.com\/es\/#website"},"datePublished":"2020-06-03T16:02:06+00:00","dateModified":"2020-09-11T16:22:51+00:00","breadcrumb":{"@id":"https:\/\/nayaraaltoatacama.com\/es\/covid-19\/#breadcrumb"},"inLanguage":"es","potentialAction":[{"@type":"ReadAction","target":["https:\/\/nayaraaltoatacama.com\/es\/covid-19\/"]}]},{"@type":"BreadcrumbList","@id":"https:\/\/nayaraaltoatacama.com\/es\/covid-19\/#breadcrumb","itemListElement":[{"@type":"ListItem","position":1,"name":"Home","item":"https:\/\/nayaraaltoatacama.com\/es\/"},{"@type":"ListItem","position":2,"name":"Nayara Resorts COVID-19"}]},{"@type":"WebSite","@id":"https:\/\/nayaraaltoatacama.com\/es\/#website","url":"https:\/\/nayaraaltoatacama.com\/es\/","name":"Nayara Atacama","description":"","potentialAction":[{"@type":"SearchAction","target":{"@type":"EntryPoint","urlTemplate":"https:\/\/nayaraaltoatacama.com\/es\/?s={search_term_string}"},"query-input":"required name=search_term_string"}],"inLanguage":"es"}]}},"_links":{"self":[{"href":"https:\/\/nayaraaltoatacama.com\/es\/wp-json\/wp\/v2\/pages\/3"}],"collection":[{"href":"https:\/\/nayaraaltoatacama.com\/es\/wp-json\/wp\/v2\/pages"}],"about":[{"href":"https:\/\/nayaraaltoatacama.com\/es\/wp-json\/wp\/v2\/types\/page"}],"author":[{"embeddable":true,"href":"https:\/\/nayaraaltoatacama.com\/es\/wp-json\/wp\/v2\/users\/1"}],"replies":[{"embeddable":true,"href":"https:\/\/nayaraaltoatacama.com\/es\/wp-json\/wp\/v2\/comments?post=3"}],"version-history":[{"count":10,"href":"https:\/\/nayaraaltoatacama.com\/es\/wp-json\/wp\/v2\/pages\/3\/revisions"}],"predecessor-version":[{"id":2023,"href":"https:\/\/nayaraaltoatacama.com\/es\/wp-json\/wp\/v2\/pages\/3\/revisions\/2023"}],"wp:attachment":[{"href":"https:\/\/nayaraaltoatacama.com\/es\/wp-json\/wp\/v2\/media?parent=3"}],"curies":[{"name":"wp","href":"https:\/\/api.w.org\/{rel}","templated":true}]}}