{"id":44,"date":"2020-06-03T18:40:02","date_gmt":"2020-06-03T18:40:02","guid":{"rendered":"https:\/\/nayaraaltoatacama.com\/?page_id=44"},"modified":"2021-04-29T13:26:01","modified_gmt":"2021-04-29T13:26:01","slug":"discover","status":"publish","type":"page","link":"https:\/\/nayaraaltoatacama.com\/es\/discover\/","title":{"rendered":"Discover"},"content":{"rendered":"","protected":false},"excerpt":{"rendered":"","protected":false},"author":1,"featured_media":0,"parent":0,"menu_order":0,"comment_status":"closed","ping_status":"closed","template":"templates\/discover.php","meta":[],"yoast_head":"<!-- This site is optimized with the Yoast SEO plugin v20.5 - https:\/\/yoast.com\/wordpress\/plugins\/seo\/ -->\n<title>Nayara Alto Atacama | Discover | Chile | Leading Hotels of the World<\/title>\n<meta name=\"description\" content=\"Descubra el desierto de Atacama, con nuestro equipo de gu\u00edas expertos que acompa\u00f1ar\u00e1n su aventura. Contempla los cuatro paisajes principales del desierto y sus colores: el Salar de Atacama, la Cordillera de la Sal, la Cordillera Sarapana o Domeyko y la Cordillera de los Andes.\" \/>\n<meta name=\"robots\" content=\"index, follow, max-snippet:-1, max-image-preview:large, max-video-preview:-1\" \/>\n<link rel=\"canonical\" href=\"https:\/\/nayaraaltoatacama.com\/es\/discover\/\" \/>\n<meta property=\"og:locale\" content=\"es_ES\" \/>\n<meta property=\"og:type\" content=\"article\" \/>\n<meta property=\"og:title\" content=\"Nayara Alto Atacama | Discover | Chile | Leading Hotels of the World\" \/>\n<meta property=\"og:description\" content=\"Descubra el desierto de Atacama, con nuestro equipo de gu\u00edas expertos que acompa\u00f1ar\u00e1n su aventura. Contempla los cuatro paisajes principales del desierto y sus colores: el Salar de Atacama, la Cordillera de la Sal, la Cordillera Sarapana o Domeyko y la Cordillera de los Andes.\" \/>\n<meta property=\"og:url\" content=\"https:\/\/nayaraaltoatacama.com\/es\/discover\/\" \/>\n<meta property=\"og:site_name\" content=\"Nayara Atacama\" \/>\n<meta property=\"article:modified_time\" content=\"2021-04-29T13:26:01+00:00\" \/>\n<meta name=\"twitter:card\" content=\"summary_large_image\" \/>\n<script type=\"application\/ld+json\" class=\"yoast-schema-graph\">{\"@context\":\"https:\/\/schema.org\",\"@graph\":[{\"@type\":\"WebPage\",\"@id\":\"https:\/\/nayaraaltoatacama.com\/es\/discover\/\",\"url\":\"https:\/\/nayaraaltoatacama.com\/es\/discover\/\",\"name\":\"Nayara Alto Atacama | Discover | Chile | Leading Hotels of the World\",\"isPartOf\":{\"@id\":\"https:\/\/nayaraaltoatacama.com\/es\/#website\"},\"datePublished\":\"2020-06-03T18:40:02+00:00\",\"dateModified\":\"2021-04-29T13:26:01+00:00\",\"description\":\"Descubra el desierto de Atacama, con nuestro equipo de gu\u00edas expertos que acompa\u00f1ar\u00e1n su aventura. Contempla los cuatro paisajes principales del desierto y sus colores: el Salar de Atacama, la Cordillera de la Sal, la Cordillera Sarapana o Domeyko y la Cordillera de los Andes.\",\"breadcrumb\":{\"@id\":\"https:\/\/nayaraaltoatacama.com\/es\/discover\/#breadcrumb\"},\"inLanguage\":\"es\",\"potentialAction\":[{\"@type\":\"ReadAction\",\"target\":[\"https:\/\/nayaraaltoatacama.com\/es\/discover\/\"]}]},{\"@type\":\"BreadcrumbList\",\"@id\":\"https:\/\/nayaraaltoatacama.com\/es\/discover\/#breadcrumb\",\"itemListElement\":[{\"@type\":\"ListItem\",\"position\":1,\"name\":\"Home\",\"item\":\"https:\/\/nayaraaltoatacama.com\/es\/\"},{\"@type\":\"ListItem\",\"position\":2,\"name\":\"Discover\"}]},{\"@type\":\"WebSite\",\"@id\":\"https:\/\/nayaraaltoatacama.com\/es\/#website\",\"url\":\"https:\/\/nayaraaltoatacama.com\/es\/\",\"name\":\"Nayara Atacama\",\"description\":\"\",\"potentialAction\":[{\"@type\":\"SearchAction\",\"target\":{\"@type\":\"EntryPoint\",\"urlTemplate\":\"https:\/\/nayaraaltoatacama.com\/es\/?s={search_term_string}\"},\"query-input\":\"required name=search_term_string\"}],\"inLanguage\":\"es\"}]}<\/script>\n<!-- \/ Yoast SEO plugin. -->","yoast_head_json":{"title":"Nayara Alto Atacama | Discover | Chile | Leading Hotels of the World","description":"Descubra el desierto de Atacama, con nuestro equipo de gu\u00edas expertos que acompa\u00f1ar\u00e1n su aventura. Contempla los cuatro paisajes principales del desierto y sus colores: el Salar de Atacama, la Cordillera de la Sal, la Cordillera Sarapana o Domeyko y la Cordillera de los Andes.","robots":{"index":"index","follow":"follow","max-snippet":"max-snippet:-1","max-image-preview":"max-image-preview:large","max-video-preview":"max-video-preview:-1"},"canonical":"https:\/\/nayaraaltoatacama.com\/es\/discover\/","og_locale":"es_ES","og_type":"article","og_title":"Nayara Alto Atacama | Discover | Chile | Leading Hotels of the World","og_description":"Descubra el desierto de Atacama, con nuestro equipo de gu\u00edas expertos que acompa\u00f1ar\u00e1n su aventura. Contempla los cuatro paisajes principales del desierto y sus colores: el Salar de Atacama, la Cordillera de la Sal, la Cordillera Sarapana o Domeyko y la Cordillera de los Andes.","og_url":"https:\/\/nayaraaltoatacama.com\/es\/discover\/","og_site_name":"Nayara Atacama","article_modified_time":"2021-04-29T13:26:01+00:00","twitter_card":"summary_large_image","schema":{"@context":"https:\/\/schema.org","@graph":[{"@type":"WebPage","@id":"https:\/\/nayaraaltoatacama.com\/es\/discover\/","url":"https:\/\/nayaraaltoatacama.com\/es\/discover\/","name":"Nayara Alto Atacama | Discover | Chile | Leading Hotels of the World","isPartOf":{"@id":"https:\/\/nayaraaltoatacama.com\/es\/#website"},"datePublished":"2020-06-03T18:40:02+00:00","dateModified":"2021-04-29T13:26:01+00:00","description":"Descubra el desierto de Atacama, con nuestro equipo de gu\u00edas expertos que acompa\u00f1ar\u00e1n su aventura. Contempla los cuatro paisajes principales del desierto y sus colores: el Salar de Atacama, la Cordillera de la Sal, la Cordillera Sarapana o Domeyko y la Cordillera de los Andes.","breadcrumb":{"@id":"https:\/\/nayaraaltoatacama.com\/es\/discover\/#breadcrumb"},"inLanguage":"es","potentialAction":[{"@type":"ReadAction","target":["https:\/\/nayaraaltoatacama.com\/es\/discover\/"]}]},{"@type":"BreadcrumbList","@id":"https:\/\/nayaraaltoatacama.com\/es\/discover\/#breadcrumb","itemListElement":[{"@type":"ListItem","position":1,"name":"Home","item":"https:\/\/nayaraaltoatacama.com\/es\/"},{"@type":"ListItem","position":2,"name":"Discover"}]},{"@type":"WebSite","@id":"https:\/\/nayaraaltoatacama.com\/es\/#website","url":"https:\/\/nayaraaltoatacama.com\/es\/","name":"Nayara Atacama","description":"","potentialAction":[{"@type":"SearchAction","target":{"@type":"EntryPoint","urlTemplate":"https:\/\/nayaraaltoatacama.com\/es\/?s={search_term_string}"},"query-input":"required name=search_term_string"}],"inLanguage":"es"}]}},"_links":{"self":[{"href":"https:\/\/nayaraaltoatacama.com\/es\/wp-json\/wp\/v2\/pages\/44"}],"collection":[{"href":"https:\/\/nayaraaltoatacama.com\/es\/wp-json\/wp\/v2\/pages"}],"about":[{"href":"https:\/\/nayaraaltoatacama.com\/es\/wp-json\/wp\/v2\/types\/page"}],"author":[{"embeddable":true,"href":"https:\/\/nayaraaltoatacama.com\/es\/wp-json\/wp\/v2\/users\/1"}],"replies":[{"embeddable":true,"href":"https:\/\/nayaraaltoatacama.com\/es\/wp-json\/wp\/v2\/comments?post=44"}],"version-history":[{"count":84,"href":"https:\/\/nayaraaltoatacama.com\/es\/wp-json\/wp\/v2\/pages\/44\/revisions"}],"predecessor-version":[{"id":2384,"href":"https:\/\/nayaraaltoatacama.com\/es\/wp-json\/wp\/v2\/pages\/44\/revisions\/2384"}],"wp:attachment":[{"href":"https:\/\/nayaraaltoatacama.com\/es\/wp-json\/wp\/v2\/media?parent=44"}],"curies":[{"name":"wp","href":"https:\/\/api.w.org\/{rel}","templated":true}]}}